{"id":29623,"date":"2026-02-16T16:28:49","date_gmt":"2026-02-16T15:28:49","guid":{"rendered":"https:\/\/www.imfish.hr\/?post_type=product&#038;p=29623"},"modified":"2026-02-21T19:25:07","modified_gmt":"2026-02-21T18:25:07","slug":"pcela-pop-up-12-mm","status":"publish","type":"product","link":"https:\/\/www.imfish.hr\/en\/proizvod\/pcela-pop-up-12-mm\/","title":{"rendered":"P\u010dela pop up &#8211; 12 mm"},"content":{"rendered":"<p data-start=\"121\" data-end=\"446\">P\u010dela Pop-Up 12 mm su premium plutaju\u0107i mamci dizajnirani za maksimalnu vidljivost i atrakciju pod vodom. Zahvaljuju\u0107i idealnoj plovnosti, podi\u017eu mamac iznad dna i omogu\u0107uju savr\u0161enu prezentaciju. Intenzivna fluo \u017euta boja, sna\u017ean i prodoran miris te dodatak aminokiselina i posebnih atraktora stvaraju sna\u017enu signalnu zonu u vodi.<\/p>\n<p data-start=\"448\" data-end=\"486\">Za\u0161to odabrati P\u010dela Pop-Up mamce?<\/p>\n<ul data-start=\"487\" data-end=\"832\">\n<li data-start=\"487\" data-end=\"541\">\n<p data-start=\"489\" data-end=\"541\">Plutaju\u0107i mamci koji podi\u017eu prezentaciju iznad dna<\/p>\n<\/li>\n<li data-start=\"542\" data-end=\"584\">\n<p data-start=\"544\" data-end=\"584\">Stabilna i dugotrajna plovnost (12 mm)<\/p>\n<\/li>\n<li data-start=\"585\" data-end=\"623\">\n<p data-start=\"587\" data-end=\"623\">Mogu se koristiti kao single mamac<\/p>\n<\/li>\n<li data-start=\"624\" data-end=\"659\">\n<p data-start=\"626\" data-end=\"659\">Idealni za snowman prezentaciju<\/p>\n<\/li>\n<li data-start=\"660\" data-end=\"700\">\n<p data-start=\"662\" data-end=\"700\">Intenzivna i uo\u010dljiva fluo \u017euta boja pod vodom<\/p>\n<\/li>\n<li data-start=\"701\" data-end=\"741\">\n<p data-start=\"703\" data-end=\"741\">Sna\u017ena aroma koja se brzo \u0161iri vodom<\/p>\n<\/li>\n<li data-start=\"742\" data-end=\"771\">\n<p data-start=\"744\" data-end=\"771\">Oboga\u0107eni aminokiselinama<\/p>\n<\/li>\n<li data-start=\"772\" data-end=\"832\">\n<p data-start=\"774\" data-end=\"832\">Dodani atraktori i poja\u010diva\u010di za maksimalnu u\u010dinkovitost<\/p>\n<\/li>\n<\/ul>\n<p data-start=\"834\" data-end=\"872\">Kako koristiti P\u010dela Pop-Up mamce?<\/p>\n<p data-start=\"874\" data-end=\"1091\">Single prezentacija<br data-start=\"893\" data-end=\"896\" \/>Koristite P\u010dela Pop-Up samostalno kada \u017eelite laganu, agresivnu i vizualno dominantnu prezentaciju. Idealni su za spinner rig, chod rig ili zig rig, posebno kada \u017eelite izdvojiti mamac iznad dna.<\/p>\n<p data-start=\"1093\" data-end=\"1440\">Snowman prezentacija<br data-start=\"1113\" data-end=\"1116\" \/>Kombinacijom tonu\u0107e boile i P\u010dela Pop-Up dobivate idealno balansiran mamac koji se lagano podi\u017ee iznad dna. Upravo ta lagana plovnost omogu\u0107uje \u0161aranu lak\u0161e usisavanje mamca, dok ga Pop-Up jasno isti\u010de na va\u0161em hranili\u0161tu i \u010dini ga vidljivijim i privla\u010dnijim u odnosu na ostalu hranu.<\/p>\n","protected":false},"excerpt":{"rendered":"<p>P\u010dela Pop-Up 12 mm su premium plutaju\u0107i mamci dizajnirani za maksimalnu vidljivost i atrakciju pod vodom. Zahvaljuju\u0107i idealnoj plovnosti, podi\u017eu<\/p>\n","protected":false},"featured_media":29652,"template":"","meta":[],"product_brand":[],"product_cat":[77],"product_tag":[],"class_list":{"0":"post-29623","1":"product","2":"type-product","3":"status-publish","4":"has-post-thumbnail","6":"product_cat-pop-ups","8":"first","9":"instock","10":"taxable","11":"shipping-taxable","12":"purchasable","13":"product-type-simple"},"yoast_head":"<!-- This site is optimized with the Yoast SEO plugin v27.1.1 - https:\/\/yoast.com\/product\/yoast-seo-wordpress\/ -->\n<title>P\u010dela pop up - 12 mm - imFish<\/title>\n<meta name=\"robots\" content=\"index, follow, max-snippet:-1, max-image-preview:large, max-video-preview:-1\" \/>\n<link rel=\"canonical\" href=\"https:\/\/www.imfish.hr\/en\/proizvod\/pcela-pop-up-12-mm\/\" \/>\n<meta property=\"og:locale\" content=\"en_US\" \/>\n<meta property=\"og:type\" content=\"article\" \/>\n<meta property=\"og:title\" content=\"P\u010dela pop up - 12 mm - imFish\" \/>\n<meta property=\"og:description\" content=\"P\u010dela Pop-Up 12 mm su premium plutaju\u0107i mamci dizajnirani za maksimalnu vidljivost i atrakciju pod vodom. Zahvaljuju\u0107i idealnoj plovnosti, podi\u017eu\" \/>\n<meta property=\"og:url\" content=\"https:\/\/www.imfish.hr\/en\/proizvod\/pcela-pop-up-12-mm\/\" \/>\n<meta property=\"og:site_name\" content=\"imFish\" \/>\n<meta property=\"article:publisher\" content=\"https:\/\/www.facebook.com\/people\/imFish\/61556556418213\/\" \/>\n<meta property=\"article:modified_time\" content=\"2026-02-21T18:25:07+00:00\" \/>\n<meta property=\"og:image\" content=\"https:\/\/www.imfish.hr\/wp-content\/uploads\/2026\/02\/pcela.jpg\" \/>\n\t<meta property=\"og:image:width\" content=\"1200\" \/>\n\t<meta property=\"og:image:height\" content=\"1200\" \/>\n\t<meta property=\"og:image:type\" content=\"image\/jpeg\" \/>\n<meta name=\"twitter:card\" content=\"summary_large_image\" \/>\n<meta name=\"twitter:label1\" content=\"Est. reading time\" \/>\n\t<meta name=\"twitter:data1\" content=\"2 minutes\" \/>\n<script type=\"application\/ld+json\" class=\"yoast-schema-graph\">{\"@context\":\"https:\/\/schema.org\",\"@graph\":[{\"@type\":\"WebPage\",\"@id\":\"https:\/\/www.imfish.hr\/en\/proizvod\/pcela-pop-up-12-mm\/\",\"url\":\"https:\/\/www.imfish.hr\/en\/proizvod\/pcela-pop-up-12-mm\/\",\"name\":\"P\u010dela pop up - 12 mm - imFish\",\"isPartOf\":{\"@id\":\"https:\/\/www.imfish.hr\/en\/#website\"},\"primaryImageOfPage\":{\"@id\":\"https:\/\/www.imfish.hr\/en\/proizvod\/pcela-pop-up-12-mm\/#primaryimage\"},\"image\":{\"@id\":\"https:\/\/www.imfish.hr\/en\/proizvod\/pcela-pop-up-12-mm\/#primaryimage\"},\"thumbnailUrl\":\"https:\/\/www.imfish.hr\/wp-content\/uploads\/2026\/02\/pcela.jpg\",\"datePublished\":\"2026-02-16T15:28:49+00:00\",\"dateModified\":\"2026-02-21T18:25:07+00:00\",\"breadcrumb\":{\"@id\":\"https:\/\/www.imfish.hr\/en\/proizvod\/pcela-pop-up-12-mm\/#breadcrumb\"},\"inLanguage\":\"en-US\",\"potentialAction\":[{\"@type\":\"ReadAction\",\"target\":[\"https:\/\/www.imfish.hr\/en\/proizvod\/pcela-pop-up-12-mm\/\"]}]},{\"@type\":\"ImageObject\",\"inLanguage\":\"en-US\",\"@id\":\"https:\/\/www.imfish.hr\/en\/proizvod\/pcela-pop-up-12-mm\/#primaryimage\",\"url\":\"https:\/\/www.imfish.hr\/wp-content\/uploads\/2026\/02\/pcela.jpg\",\"contentUrl\":\"https:\/\/www.imfish.hr\/wp-content\/uploads\/2026\/02\/pcela.jpg\",\"width\":1200,\"height\":1200},{\"@type\":\"BreadcrumbList\",\"@id\":\"https:\/\/www.imfish.hr\/en\/proizvod\/pcela-pop-up-12-mm\/#breadcrumb\",\"itemListElement\":[{\"@type\":\"ListItem\",\"position\":1,\"name\":\"Home\",\"item\":\"https:\/\/www.imfish.hr\/en\/\"},{\"@type\":\"ListItem\",\"position\":2,\"name\":\"Products\",\"item\":\"https:\/\/www.imfish.hr\/en\/products\/\"},{\"@type\":\"ListItem\",\"position\":3,\"name\":\"P\u010dela pop up &#8211; 12 mm\"}]},{\"@type\":\"WebSite\",\"@id\":\"https:\/\/www.imfish.hr\/en\/#website\",\"url\":\"https:\/\/www.imfish.hr\/en\/\",\"name\":\"imFish\",\"description\":\"Hooked on Excellence\",\"publisher\":{\"@id\":\"https:\/\/www.imfish.hr\/en\/#organization\"},\"potentialAction\":[{\"@type\":\"SearchAction\",\"target\":{\"@type\":\"EntryPoint\",\"urlTemplate\":\"https:\/\/www.imfish.hr\/en\/?s={search_term_string}\"},\"query-input\":{\"@type\":\"PropertyValueSpecification\",\"valueRequired\":true,\"valueName\":\"search_term_string\"}}],\"inLanguage\":\"en-US\"},{\"@type\":\"Organization\",\"@id\":\"https:\/\/www.imfish.hr\/en\/#organization\",\"name\":\"Dreamfish d.o.o.\",\"url\":\"https:\/\/www.imfish.hr\/en\/\",\"logo\":{\"@type\":\"ImageObject\",\"inLanguage\":\"en-US\",\"@id\":\"https:\/\/www.imfish.hr\/en\/#\/schema\/logo\/image\/\",\"url\":\"https:\/\/www.imfish.hr\/wp-content\/uploads\/2024\/03\/imfish_logo.svg\",\"contentUrl\":\"https:\/\/www.imfish.hr\/wp-content\/uploads\/2024\/03\/imfish_logo.svg\",\"width\":1500,\"height\":909,\"caption\":\"Dreamfish d.o.o.\"},\"image\":{\"@id\":\"https:\/\/www.imfish.hr\/en\/#\/schema\/logo\/image\/\"},\"sameAs\":[\"https:\/\/www.facebook.com\/people\/imFish\/61556556418213\/\",\"https:\/\/www.instagram.com\/imfish.hr\/?igsh=ZG9rdmd6aWZ6Nno&utm_source=qr\"]}]}<\/script>\n<!-- \/ Yoast SEO plugin. -->","yoast_head_json":{"title":"P\u010dela pop up - 12 mm - imFish","robots":{"index":"index","follow":"follow","max-snippet":"max-snippet:-1","max-image-preview":"max-image-preview:large","max-video-preview":"max-video-preview:-1"},"canonical":"https:\/\/www.imfish.hr\/en\/proizvod\/pcela-pop-up-12-mm\/","og_locale":"en_US","og_type":"article","og_title":"P\u010dela pop up - 12 mm - imFish","og_description":"P\u010dela Pop-Up 12 mm su premium plutaju\u0107i mamci dizajnirani za maksimalnu vidljivost i atrakciju pod vodom. Zahvaljuju\u0107i idealnoj plovnosti, podi\u017eu","og_url":"https:\/\/www.imfish.hr\/en\/proizvod\/pcela-pop-up-12-mm\/","og_site_name":"imFish","article_publisher":"https:\/\/www.facebook.com\/people\/imFish\/61556556418213\/","article_modified_time":"2026-02-21T18:25:07+00:00","og_image":[{"width":1200,"height":1200,"url":"https:\/\/www.imfish.hr\/wp-content\/uploads\/2026\/02\/pcela.jpg","type":"image\/jpeg"}],"twitter_card":"summary_large_image","twitter_misc":{"Est. reading time":"2 minutes"},"schema":{"@context":"https:\/\/schema.org","@graph":[{"@type":"WebPage","@id":"https:\/\/www.imfish.hr\/en\/proizvod\/pcela-pop-up-12-mm\/","url":"https:\/\/www.imfish.hr\/en\/proizvod\/pcela-pop-up-12-mm\/","name":"P\u010dela pop up - 12 mm - imFish","isPartOf":{"@id":"https:\/\/www.imfish.hr\/en\/#website"},"primaryImageOfPage":{"@id":"https:\/\/www.imfish.hr\/en\/proizvod\/pcela-pop-up-12-mm\/#primaryimage"},"image":{"@id":"https:\/\/www.imfish.hr\/en\/proizvod\/pcela-pop-up-12-mm\/#primaryimage"},"thumbnailUrl":"https:\/\/www.imfish.hr\/wp-content\/uploads\/2026\/02\/pcela.jpg","datePublished":"2026-02-16T15:28:49+00:00","dateModified":"2026-02-21T18:25:07+00:00","breadcrumb":{"@id":"https:\/\/www.imfish.hr\/en\/proizvod\/pcela-pop-up-12-mm\/#breadcrumb"},"inLanguage":"en-US","potentialAction":[{"@type":"ReadAction","target":["https:\/\/www.imfish.hr\/en\/proizvod\/pcela-pop-up-12-mm\/"]}]},{"@type":"ImageObject","inLanguage":"en-US","@id":"https:\/\/www.imfish.hr\/en\/proizvod\/pcela-pop-up-12-mm\/#primaryimage","url":"https:\/\/www.imfish.hr\/wp-content\/uploads\/2026\/02\/pcela.jpg","contentUrl":"https:\/\/www.imfish.hr\/wp-content\/uploads\/2026\/02\/pcela.jpg","width":1200,"height":1200},{"@type":"BreadcrumbList","@id":"https:\/\/www.imfish.hr\/en\/proizvod\/pcela-pop-up-12-mm\/#breadcrumb","itemListElement":[{"@type":"ListItem","position":1,"name":"Home","item":"https:\/\/www.imfish.hr\/en\/"},{"@type":"ListItem","position":2,"name":"Products","item":"https:\/\/www.imfish.hr\/en\/products\/"},{"@type":"ListItem","position":3,"name":"P\u010dela pop up &#8211; 12 mm"}]},{"@type":"WebSite","@id":"https:\/\/www.imfish.hr\/en\/#website","url":"https:\/\/www.imfish.hr\/en\/","name":"imFish","description":"Hooked on Excellence","publisher":{"@id":"https:\/\/www.imfish.hr\/en\/#organization"},"potentialAction":[{"@type":"SearchAction","target":{"@type":"EntryPoint","urlTemplate":"https:\/\/www.imfish.hr\/en\/?s={search_term_string}"},"query-input":{"@type":"PropertyValueSpecification","valueRequired":true,"valueName":"search_term_string"}}],"inLanguage":"en-US"},{"@type":"Organization","@id":"https:\/\/www.imfish.hr\/en\/#organization","name":"Dreamfish d.o.o.","url":"https:\/\/www.imfish.hr\/en\/","logo":{"@type":"ImageObject","inLanguage":"en-US","@id":"https:\/\/www.imfish.hr\/en\/#\/schema\/logo\/image\/","url":"https:\/\/www.imfish.hr\/wp-content\/uploads\/2024\/03\/imfish_logo.svg","contentUrl":"https:\/\/www.imfish.hr\/wp-content\/uploads\/2024\/03\/imfish_logo.svg","width":1500,"height":909,"caption":"Dreamfish d.o.o."},"image":{"@id":"https:\/\/www.imfish.hr\/en\/#\/schema\/logo\/image\/"},"sameAs":["https:\/\/www.facebook.com\/people\/imFish\/61556556418213\/","https:\/\/www.instagram.com\/imfish.hr\/?igsh=ZG9rdmd6aWZ6Nno&utm_source=qr"]}]}},"_links":{"self":[{"href":"https:\/\/www.imfish.hr\/en\/wp-json\/wp\/v2\/product\/29623","targetHints":{"allow":["GET"]}}],"collection":[{"href":"https:\/\/www.imfish.hr\/en\/wp-json\/wp\/v2\/product"}],"about":[{"href":"https:\/\/www.imfish.hr\/en\/wp-json\/wp\/v2\/types\/product"}],"wp:featuredmedia":[{"embeddable":true,"href":"https:\/\/www.imfish.hr\/en\/wp-json\/wp\/v2\/media\/29652"}],"wp:attachment":[{"href":"https:\/\/www.imfish.hr\/en\/wp-json\/wp\/v2\/media?parent=29623"}],"wp:term":[{"taxonomy":"product_brand","embeddable":true,"href":"https:\/\/www.imfish.hr\/en\/wp-json\/wp\/v2\/product_brand?post=29623"},{"taxonomy":"product_cat","embeddable":true,"href":"https:\/\/www.imfish.hr\/en\/wp-json\/wp\/v2\/product_cat?post=29623"},{"taxonomy":"product_tag","embeddable":true,"href":"https:\/\/www.imfish.hr\/en\/wp-json\/wp\/v2\/product_tag?post=29623"}],"curies":[{"name":"wp","href":"https:\/\/api.w.org\/{rel}","templated":true}]}}