{"id":1408,"date":"2025-02-11T11:51:25","date_gmt":"2025-02-11T10:51:25","guid":{"rendered":"https:\/\/www.imfish.hr\/proizvod\/particle-liquid-1-l\/"},"modified":"2025-03-10T12:54:01","modified_gmt":"2025-03-10T11:54:01","slug":"particle-liquid-1-l","status":"publish","type":"product","link":"https:\/\/www.imfish.hr\/en\/proizvod\/particle-liquid-1-l\/","title":{"rendered":"Particle Liquid \u2013 1 L"},"content":{"rendered":"<p>Particle Liquid dizajniran je da va\u0161 partikl ili spod mix bude jo\u0161 atraktivniji. Particle liquid je vodotopiva gusta teku\u0107ina slatko kiselog okusa. Ona u sebi sadr\u017ei aminokiseline i prirodne \u0161e\u0107ere, koji su vrlo u\u010dinkoviti i dobro dokazani stimulansi hranjenja. Preporu\u010deno doziranje 30 ml na kilogram mixa.   <\/p>\n<p>&nbsp;<\/p>\n","protected":false},"excerpt":{"rendered":"<p>Particle Liquid dizajniran je da va\u0161 partikl ili spod mix bude jo\u0161 atraktivniji. Particle liquid je vodotopiva gusta teku\u0107ina slatko<\/p>\n","protected":false},"featured_media":1525,"template":"","meta":[],"product_brand":[],"product_cat":[47],"product_tag":[],"class_list":{"0":"post-1408","1":"product","2":"type-product","3":"status-publish","4":"has-post-thumbnail","6":"product_cat-liquid-en","8":"first","9":"instock","10":"taxable","11":"shipping-taxable","12":"purchasable","13":"product-type-simple"},"yoast_head":"<!-- This site is optimized with the Yoast SEO plugin v27.1.1 - https:\/\/yoast.com\/product\/yoast-seo-wordpress\/ -->\n<title>Particle Liquid \u2013 1 L - imFish<\/title>\n<meta name=\"robots\" content=\"index, follow, max-snippet:-1, max-image-preview:large, max-video-preview:-1\" \/>\n<link rel=\"canonical\" href=\"https:\/\/www.imfish.hr\/en\/proizvod\/particle-liquid-1-l\/\" \/>\n<meta property=\"og:locale\" content=\"en_US\" \/>\n<meta property=\"og:type\" content=\"article\" \/>\n<meta property=\"og:title\" content=\"Particle Liquid \u2013 1 L - imFish\" \/>\n<meta property=\"og:description\" content=\"Particle Liquid dizajniran je da va\u0161 partikl ili spod mix bude jo\u0161 atraktivniji. Particle liquid je vodotopiva gusta teku\u0107ina slatko\" \/>\n<meta property=\"og:url\" content=\"https:\/\/www.imfish.hr\/en\/proizvod\/particle-liquid-1-l\/\" \/>\n<meta property=\"og:site_name\" content=\"imFish\" \/>\n<meta property=\"article:publisher\" content=\"https:\/\/www.facebook.com\/people\/imFish\/61556556418213\/\" \/>\n<meta property=\"article:modified_time\" content=\"2025-03-10T11:54:01+00:00\" \/>\n<meta property=\"og:image\" content=\"https:\/\/www.imfish.hr\/wp-content\/uploads\/2025\/03\/PARTICLE_BOOSTER.jpg\" \/>\n\t<meta property=\"og:image:width\" content=\"1000\" \/>\n\t<meta property=\"og:image:height\" content=\"1000\" \/>\n\t<meta property=\"og:image:type\" content=\"image\/jpeg\" \/>\n<meta name=\"twitter:card\" content=\"summary_large_image\" \/>\n<script type=\"application\/ld+json\" class=\"yoast-schema-graph\">{\"@context\":\"https:\/\/schema.org\",\"@graph\":[{\"@type\":\"WebPage\",\"@id\":\"https:\/\/www.imfish.hr\/en\/proizvod\/particle-liquid-1-l\/\",\"url\":\"https:\/\/www.imfish.hr\/en\/proizvod\/particle-liquid-1-l\/\",\"name\":\"Particle Liquid \u2013 1 L - imFish\",\"isPartOf\":{\"@id\":\"https:\/\/www.imfish.hr\/en\/#website\"},\"primaryImageOfPage\":{\"@id\":\"https:\/\/www.imfish.hr\/en\/proizvod\/particle-liquid-1-l\/#primaryimage\"},\"image\":{\"@id\":\"https:\/\/www.imfish.hr\/en\/proizvod\/particle-liquid-1-l\/#primaryimage\"},\"thumbnailUrl\":\"https:\/\/www.imfish.hr\/wp-content\/uploads\/2025\/03\/PARTICLE_BOOSTER.jpg\",\"datePublished\":\"2025-02-11T10:51:25+00:00\",\"dateModified\":\"2025-03-10T11:54:01+00:00\",\"breadcrumb\":{\"@id\":\"https:\/\/www.imfish.hr\/en\/proizvod\/particle-liquid-1-l\/#breadcrumb\"},\"inLanguage\":\"en-US\",\"potentialAction\":[{\"@type\":\"ReadAction\",\"target\":[\"https:\/\/www.imfish.hr\/en\/proizvod\/particle-liquid-1-l\/\"]}]},{\"@type\":\"ImageObject\",\"inLanguage\":\"en-US\",\"@id\":\"https:\/\/www.imfish.hr\/en\/proizvod\/particle-liquid-1-l\/#primaryimage\",\"url\":\"https:\/\/www.imfish.hr\/wp-content\/uploads\/2025\/03\/PARTICLE_BOOSTER.jpg\",\"contentUrl\":\"https:\/\/www.imfish.hr\/wp-content\/uploads\/2025\/03\/PARTICLE_BOOSTER.jpg\",\"width\":1000,\"height\":1000},{\"@type\":\"BreadcrumbList\",\"@id\":\"https:\/\/www.imfish.hr\/en\/proizvod\/particle-liquid-1-l\/#breadcrumb\",\"itemListElement\":[{\"@type\":\"ListItem\",\"position\":1,\"name\":\"Home\",\"item\":\"https:\/\/www.imfish.hr\/en\/\"},{\"@type\":\"ListItem\",\"position\":2,\"name\":\"Products\",\"item\":\"https:\/\/www.imfish.hr\/en\/products\/\"},{\"@type\":\"ListItem\",\"position\":3,\"name\":\"Particle Liquid \u2013 1 L\"}]},{\"@type\":\"WebSite\",\"@id\":\"https:\/\/www.imfish.hr\/en\/#website\",\"url\":\"https:\/\/www.imfish.hr\/en\/\",\"name\":\"imFish\",\"description\":\"Hooked on Excellence\",\"publisher\":{\"@id\":\"https:\/\/www.imfish.hr\/en\/#organization\"},\"potentialAction\":[{\"@type\":\"SearchAction\",\"target\":{\"@type\":\"EntryPoint\",\"urlTemplate\":\"https:\/\/www.imfish.hr\/en\/?s={search_term_string}\"},\"query-input\":{\"@type\":\"PropertyValueSpecification\",\"valueRequired\":true,\"valueName\":\"search_term_string\"}}],\"inLanguage\":\"en-US\"},{\"@type\":\"Organization\",\"@id\":\"https:\/\/www.imfish.hr\/en\/#organization\",\"name\":\"Dreamfish d.o.o.\",\"url\":\"https:\/\/www.imfish.hr\/en\/\",\"logo\":{\"@type\":\"ImageObject\",\"inLanguage\":\"en-US\",\"@id\":\"https:\/\/www.imfish.hr\/en\/#\/schema\/logo\/image\/\",\"url\":\"https:\/\/www.imfish.hr\/wp-content\/uploads\/2024\/03\/imfish_logo.svg\",\"contentUrl\":\"https:\/\/www.imfish.hr\/wp-content\/uploads\/2024\/03\/imfish_logo.svg\",\"width\":1500,\"height\":909,\"caption\":\"Dreamfish d.o.o.\"},\"image\":{\"@id\":\"https:\/\/www.imfish.hr\/en\/#\/schema\/logo\/image\/\"},\"sameAs\":[\"https:\/\/www.facebook.com\/people\/imFish\/61556556418213\/\",\"https:\/\/www.instagram.com\/imfish.hr\/?igsh=ZG9rdmd6aWZ6Nno&utm_source=qr\"]}]}<\/script>\n<!-- \/ Yoast SEO plugin. -->","yoast_head_json":{"title":"Particle Liquid \u2013 1 L - imFish","robots":{"index":"index","follow":"follow","max-snippet":"max-snippet:-1","max-image-preview":"max-image-preview:large","max-video-preview":"max-video-preview:-1"},"canonical":"https:\/\/www.imfish.hr\/en\/proizvod\/particle-liquid-1-l\/","og_locale":"en_US","og_type":"article","og_title":"Particle Liquid \u2013 1 L - imFish","og_description":"Particle Liquid dizajniran je da va\u0161 partikl ili spod mix bude jo\u0161 atraktivniji. Particle liquid je vodotopiva gusta teku\u0107ina slatko","og_url":"https:\/\/www.imfish.hr\/en\/proizvod\/particle-liquid-1-l\/","og_site_name":"imFish","article_publisher":"https:\/\/www.facebook.com\/people\/imFish\/61556556418213\/","article_modified_time":"2025-03-10T11:54:01+00:00","og_image":[{"width":1000,"height":1000,"url":"https:\/\/www.imfish.hr\/wp-content\/uploads\/2025\/03\/PARTICLE_BOOSTER.jpg","type":"image\/jpeg"}],"twitter_card":"summary_large_image","schema":{"@context":"https:\/\/schema.org","@graph":[{"@type":"WebPage","@id":"https:\/\/www.imfish.hr\/en\/proizvod\/particle-liquid-1-l\/","url":"https:\/\/www.imfish.hr\/en\/proizvod\/particle-liquid-1-l\/","name":"Particle Liquid \u2013 1 L - imFish","isPartOf":{"@id":"https:\/\/www.imfish.hr\/en\/#website"},"primaryImageOfPage":{"@id":"https:\/\/www.imfish.hr\/en\/proizvod\/particle-liquid-1-l\/#primaryimage"},"image":{"@id":"https:\/\/www.imfish.hr\/en\/proizvod\/particle-liquid-1-l\/#primaryimage"},"thumbnailUrl":"https:\/\/www.imfish.hr\/wp-content\/uploads\/2025\/03\/PARTICLE_BOOSTER.jpg","datePublished":"2025-02-11T10:51:25+00:00","dateModified":"2025-03-10T11:54:01+00:00","breadcrumb":{"@id":"https:\/\/www.imfish.hr\/en\/proizvod\/particle-liquid-1-l\/#breadcrumb"},"inLanguage":"en-US","potentialAction":[{"@type":"ReadAction","target":["https:\/\/www.imfish.hr\/en\/proizvod\/particle-liquid-1-l\/"]}]},{"@type":"ImageObject","inLanguage":"en-US","@id":"https:\/\/www.imfish.hr\/en\/proizvod\/particle-liquid-1-l\/#primaryimage","url":"https:\/\/www.imfish.hr\/wp-content\/uploads\/2025\/03\/PARTICLE_BOOSTER.jpg","contentUrl":"https:\/\/www.imfish.hr\/wp-content\/uploads\/2025\/03\/PARTICLE_BOOSTER.jpg","width":1000,"height":1000},{"@type":"BreadcrumbList","@id":"https:\/\/www.imfish.hr\/en\/proizvod\/particle-liquid-1-l\/#breadcrumb","itemListElement":[{"@type":"ListItem","position":1,"name":"Home","item":"https:\/\/www.imfish.hr\/en\/"},{"@type":"ListItem","position":2,"name":"Products","item":"https:\/\/www.imfish.hr\/en\/products\/"},{"@type":"ListItem","position":3,"name":"Particle Liquid \u2013 1 L"}]},{"@type":"WebSite","@id":"https:\/\/www.imfish.hr\/en\/#website","url":"https:\/\/www.imfish.hr\/en\/","name":"imFish","description":"Hooked on Excellence","publisher":{"@id":"https:\/\/www.imfish.hr\/en\/#organization"},"potentialAction":[{"@type":"SearchAction","target":{"@type":"EntryPoint","urlTemplate":"https:\/\/www.imfish.hr\/en\/?s={search_term_string}"},"query-input":{"@type":"PropertyValueSpecification","valueRequired":true,"valueName":"search_term_string"}}],"inLanguage":"en-US"},{"@type":"Organization","@id":"https:\/\/www.imfish.hr\/en\/#organization","name":"Dreamfish d.o.o.","url":"https:\/\/www.imfish.hr\/en\/","logo":{"@type":"ImageObject","inLanguage":"en-US","@id":"https:\/\/www.imfish.hr\/en\/#\/schema\/logo\/image\/","url":"https:\/\/www.imfish.hr\/wp-content\/uploads\/2024\/03\/imfish_logo.svg","contentUrl":"https:\/\/www.imfish.hr\/wp-content\/uploads\/2024\/03\/imfish_logo.svg","width":1500,"height":909,"caption":"Dreamfish d.o.o."},"image":{"@id":"https:\/\/www.imfish.hr\/en\/#\/schema\/logo\/image\/"},"sameAs":["https:\/\/www.facebook.com\/people\/imFish\/61556556418213\/","https:\/\/www.instagram.com\/imfish.hr\/?igsh=ZG9rdmd6aWZ6Nno&utm_source=qr"]}]}},"_links":{"self":[{"href":"https:\/\/www.imfish.hr\/en\/wp-json\/wp\/v2\/product\/1408","targetHints":{"allow":["GET"]}}],"collection":[{"href":"https:\/\/www.imfish.hr\/en\/wp-json\/wp\/v2\/product"}],"about":[{"href":"https:\/\/www.imfish.hr\/en\/wp-json\/wp\/v2\/types\/product"}],"wp:featuredmedia":[{"embeddable":true,"href":"https:\/\/www.imfish.hr\/en\/wp-json\/wp\/v2\/media\/1525"}],"wp:attachment":[{"href":"https:\/\/www.imfish.hr\/en\/wp-json\/wp\/v2\/media?parent=1408"}],"wp:term":[{"taxonomy":"product_brand","embeddable":true,"href":"https:\/\/www.imfish.hr\/en\/wp-json\/wp\/v2\/product_brand?post=1408"},{"taxonomy":"product_cat","embeddable":true,"href":"https:\/\/www.imfish.hr\/en\/wp-json\/wp\/v2\/product_cat?post=1408"},{"taxonomy":"product_tag","embeddable":true,"href":"https:\/\/www.imfish.hr\/en\/wp-json\/wp\/v2\/product_tag?post=1408"}],"curies":[{"name":"wp","href":"https:\/\/api.w.org\/{rel}","templated":true}]}}