{"id":1314,"date":"2024-03-28T20:45:27","date_gmt":"2024-03-28T19:45:27","guid":{"rendered":"https:\/\/www.imfish.hr\/proizvod\/hookbaits-booster-medusa\/"},"modified":"2025-03-10T13:11:39","modified_gmt":"2025-03-10T12:11:39","slug":"hookbaits-booster-medusa","status":"publish","type":"product","link":"https:\/\/www.imfish.hr\/en\/proizvod\/hookbaits-booster-medusa\/","title":{"rendered":"Hookbaits booster Medu\u0161a"},"content":{"rendered":"<p>Medu\u0161a je na\u0161a prva boila koju smo razvili, slatka kremasta boila temeljena na pti\u010djoj hrani, mlije\u010dnim proteinima i bra\u0161nima ora\u0161astih plodova. U sebi sadr\u017ei jedne od najboljih amino kiselina i stimulanse apetita kojima \u0107e i oni najoprezniji \u0161arani te\u0161ko odoljeti.<\/p>\n<p>Proizvod nije za ljudsku upotrebu.<\/p>\n","protected":false},"excerpt":{"rendered":"<p>Medu\u0161a je na\u0161a prva boila koju smo razvili, slatka kremasta boila temeljena na pti\u010djoj hrani, mlije\u010dnim proteinima i bra\u0161nima ora\u0161astih<\/p>\n","protected":false},"featured_media":1542,"template":"","meta":[],"product_brand":[],"product_cat":[46],"product_tag":[],"class_list":{"0":"post-1314","1":"product","2":"type-product","3":"status-publish","4":"has-post-thumbnail","6":"product_cat-hookbaits-booster-en","8":"first","9":"instock","10":"taxable","11":"shipping-taxable","12":"purchasable","13":"product-type-simple"},"yoast_head":"<!-- This site is optimized with the Yoast SEO plugin v27.1.1 - https:\/\/yoast.com\/product\/yoast-seo-wordpress\/ -->\n<title>Hookbaits booster Medu\u0161a - imFish<\/title>\n<meta name=\"robots\" content=\"index, follow, max-snippet:-1, max-image-preview:large, max-video-preview:-1\" \/>\n<link rel=\"canonical\" href=\"https:\/\/www.imfish.hr\/en\/proizvod\/hookbaits-booster-medusa\/\" \/>\n<meta property=\"og:locale\" content=\"en_US\" \/>\n<meta property=\"og:type\" content=\"article\" \/>\n<meta property=\"og:title\" content=\"Hookbaits booster Medu\u0161a - imFish\" \/>\n<meta property=\"og:description\" content=\"Medu\u0161a je na\u0161a prva boila koju smo razvili, slatka kremasta boila temeljena na pti\u010djoj hrani, mlije\u010dnim proteinima i bra\u0161nima ora\u0161astih\" \/>\n<meta property=\"og:url\" content=\"https:\/\/www.imfish.hr\/en\/proizvod\/hookbaits-booster-medusa\/\" \/>\n<meta property=\"og:site_name\" content=\"imFish\" \/>\n<meta property=\"article:publisher\" content=\"https:\/\/www.facebook.com\/people\/imFish\/61556556418213\/\" \/>\n<meta property=\"article:modified_time\" content=\"2025-03-10T12:11:39+00:00\" \/>\n<meta property=\"og:image\" content=\"https:\/\/www.imfish.hr\/wp-content\/uploads\/2025\/03\/DIP_MEDUSA.jpg\" \/>\n\t<meta property=\"og:image:width\" content=\"1000\" \/>\n\t<meta property=\"og:image:height\" content=\"1000\" \/>\n\t<meta property=\"og:image:type\" content=\"image\/jpeg\" \/>\n<meta name=\"twitter:card\" content=\"summary_large_image\" \/>\n<script type=\"application\/ld+json\" class=\"yoast-schema-graph\">{\"@context\":\"https:\/\/schema.org\",\"@graph\":[{\"@type\":\"WebPage\",\"@id\":\"https:\/\/www.imfish.hr\/en\/proizvod\/hookbaits-booster-medusa\/\",\"url\":\"https:\/\/www.imfish.hr\/en\/proizvod\/hookbaits-booster-medusa\/\",\"name\":\"Hookbaits booster Medu\u0161a - imFish\",\"isPartOf\":{\"@id\":\"https:\/\/www.imfish.hr\/en\/#website\"},\"primaryImageOfPage\":{\"@id\":\"https:\/\/www.imfish.hr\/en\/proizvod\/hookbaits-booster-medusa\/#primaryimage\"},\"image\":{\"@id\":\"https:\/\/www.imfish.hr\/en\/proizvod\/hookbaits-booster-medusa\/#primaryimage\"},\"thumbnailUrl\":\"https:\/\/www.imfish.hr\/wp-content\/uploads\/2025\/03\/DIP_MEDUSA.jpg\",\"datePublished\":\"2024-03-28T19:45:27+00:00\",\"dateModified\":\"2025-03-10T12:11:39+00:00\",\"breadcrumb\":{\"@id\":\"https:\/\/www.imfish.hr\/en\/proizvod\/hookbaits-booster-medusa\/#breadcrumb\"},\"inLanguage\":\"en-US\",\"potentialAction\":[{\"@type\":\"ReadAction\",\"target\":[\"https:\/\/www.imfish.hr\/en\/proizvod\/hookbaits-booster-medusa\/\"]}]},{\"@type\":\"ImageObject\",\"inLanguage\":\"en-US\",\"@id\":\"https:\/\/www.imfish.hr\/en\/proizvod\/hookbaits-booster-medusa\/#primaryimage\",\"url\":\"https:\/\/www.imfish.hr\/wp-content\/uploads\/2025\/03\/DIP_MEDUSA.jpg\",\"contentUrl\":\"https:\/\/www.imfish.hr\/wp-content\/uploads\/2025\/03\/DIP_MEDUSA.jpg\",\"width\":1000,\"height\":1000},{\"@type\":\"BreadcrumbList\",\"@id\":\"https:\/\/www.imfish.hr\/en\/proizvod\/hookbaits-booster-medusa\/#breadcrumb\",\"itemListElement\":[{\"@type\":\"ListItem\",\"position\":1,\"name\":\"Home\",\"item\":\"https:\/\/www.imfish.hr\/en\/\"},{\"@type\":\"ListItem\",\"position\":2,\"name\":\"Products\",\"item\":\"https:\/\/www.imfish.hr\/en\/products\/\"},{\"@type\":\"ListItem\",\"position\":3,\"name\":\"Hookbaits booster Medu\u0161a\"}]},{\"@type\":\"WebSite\",\"@id\":\"https:\/\/www.imfish.hr\/en\/#website\",\"url\":\"https:\/\/www.imfish.hr\/en\/\",\"name\":\"imFish\",\"description\":\"Hooked on Excellence\",\"publisher\":{\"@id\":\"https:\/\/www.imfish.hr\/en\/#organization\"},\"potentialAction\":[{\"@type\":\"SearchAction\",\"target\":{\"@type\":\"EntryPoint\",\"urlTemplate\":\"https:\/\/www.imfish.hr\/en\/?s={search_term_string}\"},\"query-input\":{\"@type\":\"PropertyValueSpecification\",\"valueRequired\":true,\"valueName\":\"search_term_string\"}}],\"inLanguage\":\"en-US\"},{\"@type\":\"Organization\",\"@id\":\"https:\/\/www.imfish.hr\/en\/#organization\",\"name\":\"Dreamfish d.o.o.\",\"url\":\"https:\/\/www.imfish.hr\/en\/\",\"logo\":{\"@type\":\"ImageObject\",\"inLanguage\":\"en-US\",\"@id\":\"https:\/\/www.imfish.hr\/en\/#\/schema\/logo\/image\/\",\"url\":\"https:\/\/www.imfish.hr\/wp-content\/uploads\/2024\/03\/imfish_logo.svg\",\"contentUrl\":\"https:\/\/www.imfish.hr\/wp-content\/uploads\/2024\/03\/imfish_logo.svg\",\"width\":1500,\"height\":909,\"caption\":\"Dreamfish d.o.o.\"},\"image\":{\"@id\":\"https:\/\/www.imfish.hr\/en\/#\/schema\/logo\/image\/\"},\"sameAs\":[\"https:\/\/www.facebook.com\/people\/imFish\/61556556418213\/\",\"https:\/\/www.instagram.com\/imfish.hr\/?igsh=ZG9rdmd6aWZ6Nno&utm_source=qr\"]}]}<\/script>\n<!-- \/ Yoast SEO plugin. -->","yoast_head_json":{"title":"Hookbaits booster Medu\u0161a - imFish","robots":{"index":"index","follow":"follow","max-snippet":"max-snippet:-1","max-image-preview":"max-image-preview:large","max-video-preview":"max-video-preview:-1"},"canonical":"https:\/\/www.imfish.hr\/en\/proizvod\/hookbaits-booster-medusa\/","og_locale":"en_US","og_type":"article","og_title":"Hookbaits booster Medu\u0161a - imFish","og_description":"Medu\u0161a je na\u0161a prva boila koju smo razvili, slatka kremasta boila temeljena na pti\u010djoj hrani, mlije\u010dnim proteinima i bra\u0161nima ora\u0161astih","og_url":"https:\/\/www.imfish.hr\/en\/proizvod\/hookbaits-booster-medusa\/","og_site_name":"imFish","article_publisher":"https:\/\/www.facebook.com\/people\/imFish\/61556556418213\/","article_modified_time":"2025-03-10T12:11:39+00:00","og_image":[{"width":1000,"height":1000,"url":"https:\/\/www.imfish.hr\/wp-content\/uploads\/2025\/03\/DIP_MEDUSA.jpg","type":"image\/jpeg"}],"twitter_card":"summary_large_image","schema":{"@context":"https:\/\/schema.org","@graph":[{"@type":"WebPage","@id":"https:\/\/www.imfish.hr\/en\/proizvod\/hookbaits-booster-medusa\/","url":"https:\/\/www.imfish.hr\/en\/proizvod\/hookbaits-booster-medusa\/","name":"Hookbaits booster Medu\u0161a - imFish","isPartOf":{"@id":"https:\/\/www.imfish.hr\/en\/#website"},"primaryImageOfPage":{"@id":"https:\/\/www.imfish.hr\/en\/proizvod\/hookbaits-booster-medusa\/#primaryimage"},"image":{"@id":"https:\/\/www.imfish.hr\/en\/proizvod\/hookbaits-booster-medusa\/#primaryimage"},"thumbnailUrl":"https:\/\/www.imfish.hr\/wp-content\/uploads\/2025\/03\/DIP_MEDUSA.jpg","datePublished":"2024-03-28T19:45:27+00:00","dateModified":"2025-03-10T12:11:39+00:00","breadcrumb":{"@id":"https:\/\/www.imfish.hr\/en\/proizvod\/hookbaits-booster-medusa\/#breadcrumb"},"inLanguage":"en-US","potentialAction":[{"@type":"ReadAction","target":["https:\/\/www.imfish.hr\/en\/proizvod\/hookbaits-booster-medusa\/"]}]},{"@type":"ImageObject","inLanguage":"en-US","@id":"https:\/\/www.imfish.hr\/en\/proizvod\/hookbaits-booster-medusa\/#primaryimage","url":"https:\/\/www.imfish.hr\/wp-content\/uploads\/2025\/03\/DIP_MEDUSA.jpg","contentUrl":"https:\/\/www.imfish.hr\/wp-content\/uploads\/2025\/03\/DIP_MEDUSA.jpg","width":1000,"height":1000},{"@type":"BreadcrumbList","@id":"https:\/\/www.imfish.hr\/en\/proizvod\/hookbaits-booster-medusa\/#breadcrumb","itemListElement":[{"@type":"ListItem","position":1,"name":"Home","item":"https:\/\/www.imfish.hr\/en\/"},{"@type":"ListItem","position":2,"name":"Products","item":"https:\/\/www.imfish.hr\/en\/products\/"},{"@type":"ListItem","position":3,"name":"Hookbaits booster Medu\u0161a"}]},{"@type":"WebSite","@id":"https:\/\/www.imfish.hr\/en\/#website","url":"https:\/\/www.imfish.hr\/en\/","name":"imFish","description":"Hooked on Excellence","publisher":{"@id":"https:\/\/www.imfish.hr\/en\/#organization"},"potentialAction":[{"@type":"SearchAction","target":{"@type":"EntryPoint","urlTemplate":"https:\/\/www.imfish.hr\/en\/?s={search_term_string}"},"query-input":{"@type":"PropertyValueSpecification","valueRequired":true,"valueName":"search_term_string"}}],"inLanguage":"en-US"},{"@type":"Organization","@id":"https:\/\/www.imfish.hr\/en\/#organization","name":"Dreamfish d.o.o.","url":"https:\/\/www.imfish.hr\/en\/","logo":{"@type":"ImageObject","inLanguage":"en-US","@id":"https:\/\/www.imfish.hr\/en\/#\/schema\/logo\/image\/","url":"https:\/\/www.imfish.hr\/wp-content\/uploads\/2024\/03\/imfish_logo.svg","contentUrl":"https:\/\/www.imfish.hr\/wp-content\/uploads\/2024\/03\/imfish_logo.svg","width":1500,"height":909,"caption":"Dreamfish d.o.o."},"image":{"@id":"https:\/\/www.imfish.hr\/en\/#\/schema\/logo\/image\/"},"sameAs":["https:\/\/www.facebook.com\/people\/imFish\/61556556418213\/","https:\/\/www.instagram.com\/imfish.hr\/?igsh=ZG9rdmd6aWZ6Nno&utm_source=qr"]}]}},"_links":{"self":[{"href":"https:\/\/www.imfish.hr\/en\/wp-json\/wp\/v2\/product\/1314","targetHints":{"allow":["GET"]}}],"collection":[{"href":"https:\/\/www.imfish.hr\/en\/wp-json\/wp\/v2\/product"}],"about":[{"href":"https:\/\/www.imfish.hr\/en\/wp-json\/wp\/v2\/types\/product"}],"wp:featuredmedia":[{"embeddable":true,"href":"https:\/\/www.imfish.hr\/en\/wp-json\/wp\/v2\/media\/1542"}],"wp:attachment":[{"href":"https:\/\/www.imfish.hr\/en\/wp-json\/wp\/v2\/media?parent=1314"}],"wp:term":[{"taxonomy":"product_brand","embeddable":true,"href":"https:\/\/www.imfish.hr\/en\/wp-json\/wp\/v2\/product_brand?post=1314"},{"taxonomy":"product_cat","embeddable":true,"href":"https:\/\/www.imfish.hr\/en\/wp-json\/wp\/v2\/product_cat?post=1314"},{"taxonomy":"product_tag","embeddable":true,"href":"https:\/\/www.imfish.hr\/en\/wp-json\/wp\/v2\/product_tag?post=1314"}],"curies":[{"name":"wp","href":"https:\/\/api.w.org\/{rel}","templated":true}]}}