{"id":1312,"date":"2024-03-28T20:49:55","date_gmt":"2024-03-28T19:49:55","guid":{"rendered":"https:\/\/www.imfish.hr\/proizvod\/boila-smokvica-18-mm-25-kg\/"},"modified":"2026-02-22T14:35:11","modified_gmt":"2026-02-22T13:35:11","slug":"boila-smokvica-18-mm-25-kg","status":"publish","type":"product","link":"https:\/\/www.imfish.hr\/en\/proizvod\/boila-smokvica-18-mm-25-kg\/","title":{"rendered":"Boila Smokvica &#8211; 18 mm | 2,5 kg"},"content":{"rendered":"<h3>Boila Smokvica<\/h3>\n<p>Over the last year, we have worked extremely hard to source only the highest quality ingredients, liquids, and additives available from all over the world to make Smokvica.  Htjeli smo napraviti boilu koja \u0107e biti druga\u010dija od bilo \u010dega na tr\u017ei\u0161tu i napravili smo inovativan proizvod s jedinstvenim karakteristikama. After successful testing on free fishing trips and the strongest Croatian competitions, we are extremely excited to finally share with you our new <strong>Smokvica<\/strong> boilie line. It is produced in three diameters: <a href=\"https:\/\/www.imfish.hr\/en\/proizvod\/boila-smokvica-14-mm-25-kg\/\">14mm<\/a> , 18mm, <a href=\"https:\/\/www.imfish.hr\/en\/proizvod\/boila-smokvica-24-mm-25-kg\/\">24mm<\/a> . <\/p>\n<p>Uz Fresh boilies Smokvica preporu\u010dujemo kori\u0161tenje Balanced wafters-a i Hookbaits booster-a Smokvica.<\/p>\n<p>Fresh Boilies ne sadr\u017ee konzervans i potrebno ih je \u010duvati u zamrziva\u010du.<\/p>\n<p>Proizvod nije za ljudsku upotrebu.<\/p>\n","protected":false},"excerpt":{"rendered":"<p>Boila Smokvica Over the last year, we have worked extremely hard to source only the highest quality ingredients, liquids, and<\/p>\n","protected":false},"featured_media":1083,"template":"","meta":[],"product_brand":[],"product_cat":[44],"product_tag":[],"class_list":{"0":"post-1312","1":"product","2":"type-product","3":"status-publish","4":"has-post-thumbnail","6":"product_cat-boilies","8":"first","9":"instock","10":"taxable","11":"shipping-taxable","12":"purchasable","13":"product-type-simple"},"yoast_head":"<!-- This site is optimized with the Yoast SEO plugin v27.1.1 - https:\/\/yoast.com\/product\/yoast-seo-wordpress\/ -->\n<title>Boila Smokvica - 18 mm | 2,5 kg - imFish<\/title>\n<meta name=\"description\" content=\"Tijekom posljednje godine, izuzetno smo naporno radili nabavljaju\u0107i samo najkvalitetnije sastojke, teku\u0107ine i aditive. Boila smokvica ...\" \/>\n<meta name=\"robots\" content=\"index, follow, max-snippet:-1, max-image-preview:large, max-video-preview:-1\" \/>\n<link rel=\"canonical\" href=\"https:\/\/www.imfish.hr\/en\/proizvod\/boila-smokvica-18-mm-25-kg\/\" \/>\n<meta property=\"og:locale\" content=\"en_US\" \/>\n<meta property=\"og:type\" content=\"article\" \/>\n<meta property=\"og:title\" content=\"Boila Smokvica - 18 mm | 2,5 kg - imFish\" \/>\n<meta property=\"og:description\" content=\"Tijekom posljednje godine, izuzetno smo naporno radili nabavljaju\u0107i samo najkvalitetnije sastojke, teku\u0107ine i aditive. Boila smokvica ...\" \/>\n<meta property=\"og:url\" content=\"https:\/\/www.imfish.hr\/en\/proizvod\/boila-smokvica-18-mm-25-kg\/\" \/>\n<meta property=\"og:site_name\" content=\"imFish\" \/>\n<meta property=\"article:publisher\" content=\"https:\/\/www.facebook.com\/people\/imFish\/61556556418213\/\" \/>\n<meta property=\"article:modified_time\" content=\"2026-02-22T13:35:11+00:00\" \/>\n<meta property=\"og:image\" content=\"https:\/\/www.imfish.hr\/wp-content\/uploads\/2024\/03\/SMOKVICA_BOILA_2.jpg\" \/>\n\t<meta property=\"og:image:width\" content=\"1000\" \/>\n\t<meta property=\"og:image:height\" content=\"1000\" \/>\n\t<meta property=\"og:image:type\" content=\"image\/jpeg\" \/>\n<meta name=\"twitter:card\" content=\"summary_large_image\" \/>\n<meta name=\"twitter:label1\" content=\"Est. reading time\" \/>\n\t<meta name=\"twitter:data1\" content=\"1 minute\" \/>\n<script type=\"application\/ld+json\" class=\"yoast-schema-graph\">{\"@context\":\"https:\/\/schema.org\",\"@graph\":[{\"@type\":\"WebPage\",\"@id\":\"https:\/\/www.imfish.hr\/en\/proizvod\/boila-smokvica-18-mm-25-kg\/\",\"url\":\"https:\/\/www.imfish.hr\/en\/proizvod\/boila-smokvica-18-mm-25-kg\/\",\"name\":\"Boila Smokvica - 18 mm | 2,5 kg - imFish\",\"isPartOf\":{\"@id\":\"https:\/\/www.imfish.hr\/en\/#website\"},\"primaryImageOfPage\":{\"@id\":\"https:\/\/www.imfish.hr\/en\/proizvod\/boila-smokvica-18-mm-25-kg\/#primaryimage\"},\"image\":{\"@id\":\"https:\/\/www.imfish.hr\/en\/proizvod\/boila-smokvica-18-mm-25-kg\/#primaryimage\"},\"thumbnailUrl\":\"https:\/\/www.imfish.hr\/wp-content\/uploads\/2024\/03\/SMOKVICA_BOILA_2.jpg\",\"datePublished\":\"2024-03-28T19:49:55+00:00\",\"dateModified\":\"2026-02-22T13:35:11+00:00\",\"description\":\"Tijekom posljednje godine, izuzetno smo naporno radili nabavljaju\u0107i samo najkvalitetnije sastojke, teku\u0107ine i aditive. Boila smokvica ...\",\"breadcrumb\":{\"@id\":\"https:\/\/www.imfish.hr\/en\/proizvod\/boila-smokvica-18-mm-25-kg\/#breadcrumb\"},\"inLanguage\":\"en-US\",\"potentialAction\":[{\"@type\":\"ReadAction\",\"target\":[\"https:\/\/www.imfish.hr\/en\/proizvod\/boila-smokvica-18-mm-25-kg\/\"]}]},{\"@type\":\"ImageObject\",\"inLanguage\":\"en-US\",\"@id\":\"https:\/\/www.imfish.hr\/en\/proizvod\/boila-smokvica-18-mm-25-kg\/#primaryimage\",\"url\":\"https:\/\/www.imfish.hr\/wp-content\/uploads\/2024\/03\/SMOKVICA_BOILA_2.jpg\",\"contentUrl\":\"https:\/\/www.imfish.hr\/wp-content\/uploads\/2024\/03\/SMOKVICA_BOILA_2.jpg\",\"width\":1000,\"height\":1000,\"caption\":\"boila smokvica\"},{\"@type\":\"BreadcrumbList\",\"@id\":\"https:\/\/www.imfish.hr\/en\/proizvod\/boila-smokvica-18-mm-25-kg\/#breadcrumb\",\"itemListElement\":[{\"@type\":\"ListItem\",\"position\":1,\"name\":\"Home\",\"item\":\"https:\/\/www.imfish.hr\/en\/\"},{\"@type\":\"ListItem\",\"position\":2,\"name\":\"Products\",\"item\":\"https:\/\/www.imfish.hr\/en\/products\/\"},{\"@type\":\"ListItem\",\"position\":3,\"name\":\"Boila Smokvica &#8211; 18 mm | 2,5 kg\"}]},{\"@type\":\"WebSite\",\"@id\":\"https:\/\/www.imfish.hr\/en\/#website\",\"url\":\"https:\/\/www.imfish.hr\/en\/\",\"name\":\"imFish\",\"description\":\"Hooked on Excellence\",\"publisher\":{\"@id\":\"https:\/\/www.imfish.hr\/en\/#organization\"},\"potentialAction\":[{\"@type\":\"SearchAction\",\"target\":{\"@type\":\"EntryPoint\",\"urlTemplate\":\"https:\/\/www.imfish.hr\/en\/?s={search_term_string}\"},\"query-input\":{\"@type\":\"PropertyValueSpecification\",\"valueRequired\":true,\"valueName\":\"search_term_string\"}}],\"inLanguage\":\"en-US\"},{\"@type\":\"Organization\",\"@id\":\"https:\/\/www.imfish.hr\/en\/#organization\",\"name\":\"Dreamfish d.o.o.\",\"url\":\"https:\/\/www.imfish.hr\/en\/\",\"logo\":{\"@type\":\"ImageObject\",\"inLanguage\":\"en-US\",\"@id\":\"https:\/\/www.imfish.hr\/en\/#\/schema\/logo\/image\/\",\"url\":\"https:\/\/www.imfish.hr\/wp-content\/uploads\/2024\/03\/imfish_logo.svg\",\"contentUrl\":\"https:\/\/www.imfish.hr\/wp-content\/uploads\/2024\/03\/imfish_logo.svg\",\"width\":1500,\"height\":909,\"caption\":\"Dreamfish d.o.o.\"},\"image\":{\"@id\":\"https:\/\/www.imfish.hr\/en\/#\/schema\/logo\/image\/\"},\"sameAs\":[\"https:\/\/www.facebook.com\/people\/imFish\/61556556418213\/\",\"https:\/\/www.instagram.com\/imfish.hr\/?igsh=ZG9rdmd6aWZ6Nno&utm_source=qr\"]}]}<\/script>\n<!-- \/ Yoast SEO plugin. -->","yoast_head_json":{"title":"Boila Smokvica - 18 mm | 2,5 kg - imFish","description":"Tijekom posljednje godine, izuzetno smo naporno radili nabavljaju\u0107i samo najkvalitetnije sastojke, teku\u0107ine i aditive. Boila smokvica ...","robots":{"index":"index","follow":"follow","max-snippet":"max-snippet:-1","max-image-preview":"max-image-preview:large","max-video-preview":"max-video-preview:-1"},"canonical":"https:\/\/www.imfish.hr\/en\/proizvod\/boila-smokvica-18-mm-25-kg\/","og_locale":"en_US","og_type":"article","og_title":"Boila Smokvica - 18 mm | 2,5 kg - imFish","og_description":"Tijekom posljednje godine, izuzetno smo naporno radili nabavljaju\u0107i samo najkvalitetnije sastojke, teku\u0107ine i aditive. Boila smokvica ...","og_url":"https:\/\/www.imfish.hr\/en\/proizvod\/boila-smokvica-18-mm-25-kg\/","og_site_name":"imFish","article_publisher":"https:\/\/www.facebook.com\/people\/imFish\/61556556418213\/","article_modified_time":"2026-02-22T13:35:11+00:00","og_image":[{"width":1000,"height":1000,"url":"https:\/\/www.imfish.hr\/wp-content\/uploads\/2024\/03\/SMOKVICA_BOILA_2.jpg","type":"image\/jpeg"}],"twitter_card":"summary_large_image","twitter_misc":{"Est. reading time":"1 minute"},"schema":{"@context":"https:\/\/schema.org","@graph":[{"@type":"WebPage","@id":"https:\/\/www.imfish.hr\/en\/proizvod\/boila-smokvica-18-mm-25-kg\/","url":"https:\/\/www.imfish.hr\/en\/proizvod\/boila-smokvica-18-mm-25-kg\/","name":"Boila Smokvica - 18 mm | 2,5 kg - imFish","isPartOf":{"@id":"https:\/\/www.imfish.hr\/en\/#website"},"primaryImageOfPage":{"@id":"https:\/\/www.imfish.hr\/en\/proizvod\/boila-smokvica-18-mm-25-kg\/#primaryimage"},"image":{"@id":"https:\/\/www.imfish.hr\/en\/proizvod\/boila-smokvica-18-mm-25-kg\/#primaryimage"},"thumbnailUrl":"https:\/\/www.imfish.hr\/wp-content\/uploads\/2024\/03\/SMOKVICA_BOILA_2.jpg","datePublished":"2024-03-28T19:49:55+00:00","dateModified":"2026-02-22T13:35:11+00:00","description":"Tijekom posljednje godine, izuzetno smo naporno radili nabavljaju\u0107i samo najkvalitetnije sastojke, teku\u0107ine i aditive. Boila smokvica ...","breadcrumb":{"@id":"https:\/\/www.imfish.hr\/en\/proizvod\/boila-smokvica-18-mm-25-kg\/#breadcrumb"},"inLanguage":"en-US","potentialAction":[{"@type":"ReadAction","target":["https:\/\/www.imfish.hr\/en\/proizvod\/boila-smokvica-18-mm-25-kg\/"]}]},{"@type":"ImageObject","inLanguage":"en-US","@id":"https:\/\/www.imfish.hr\/en\/proizvod\/boila-smokvica-18-mm-25-kg\/#primaryimage","url":"https:\/\/www.imfish.hr\/wp-content\/uploads\/2024\/03\/SMOKVICA_BOILA_2.jpg","contentUrl":"https:\/\/www.imfish.hr\/wp-content\/uploads\/2024\/03\/SMOKVICA_BOILA_2.jpg","width":1000,"height":1000,"caption":"boila smokvica"},{"@type":"BreadcrumbList","@id":"https:\/\/www.imfish.hr\/en\/proizvod\/boila-smokvica-18-mm-25-kg\/#breadcrumb","itemListElement":[{"@type":"ListItem","position":1,"name":"Home","item":"https:\/\/www.imfish.hr\/en\/"},{"@type":"ListItem","position":2,"name":"Products","item":"https:\/\/www.imfish.hr\/en\/products\/"},{"@type":"ListItem","position":3,"name":"Boila Smokvica &#8211; 18 mm | 2,5 kg"}]},{"@type":"WebSite","@id":"https:\/\/www.imfish.hr\/en\/#website","url":"https:\/\/www.imfish.hr\/en\/","name":"imFish","description":"Hooked on Excellence","publisher":{"@id":"https:\/\/www.imfish.hr\/en\/#organization"},"potentialAction":[{"@type":"SearchAction","target":{"@type":"EntryPoint","urlTemplate":"https:\/\/www.imfish.hr\/en\/?s={search_term_string}"},"query-input":{"@type":"PropertyValueSpecification","valueRequired":true,"valueName":"search_term_string"}}],"inLanguage":"en-US"},{"@type":"Organization","@id":"https:\/\/www.imfish.hr\/en\/#organization","name":"Dreamfish d.o.o.","url":"https:\/\/www.imfish.hr\/en\/","logo":{"@type":"ImageObject","inLanguage":"en-US","@id":"https:\/\/www.imfish.hr\/en\/#\/schema\/logo\/image\/","url":"https:\/\/www.imfish.hr\/wp-content\/uploads\/2024\/03\/imfish_logo.svg","contentUrl":"https:\/\/www.imfish.hr\/wp-content\/uploads\/2024\/03\/imfish_logo.svg","width":1500,"height":909,"caption":"Dreamfish d.o.o."},"image":{"@id":"https:\/\/www.imfish.hr\/en\/#\/schema\/logo\/image\/"},"sameAs":["https:\/\/www.facebook.com\/people\/imFish\/61556556418213\/","https:\/\/www.instagram.com\/imfish.hr\/?igsh=ZG9rdmd6aWZ6Nno&utm_source=qr"]}]}},"_links":{"self":[{"href":"https:\/\/www.imfish.hr\/en\/wp-json\/wp\/v2\/product\/1312","targetHints":{"allow":["GET"]}}],"collection":[{"href":"https:\/\/www.imfish.hr\/en\/wp-json\/wp\/v2\/product"}],"about":[{"href":"https:\/\/www.imfish.hr\/en\/wp-json\/wp\/v2\/types\/product"}],"wp:featuredmedia":[{"embeddable":true,"href":"https:\/\/www.imfish.hr\/en\/wp-json\/wp\/v2\/media\/1083"}],"wp:attachment":[{"href":"https:\/\/www.imfish.hr\/en\/wp-json\/wp\/v2\/media?parent=1312"}],"wp:term":[{"taxonomy":"product_brand","embeddable":true,"href":"https:\/\/www.imfish.hr\/en\/wp-json\/wp\/v2\/product_brand?post=1312"},{"taxonomy":"product_cat","embeddable":true,"href":"https:\/\/www.imfish.hr\/en\/wp-json\/wp\/v2\/product_cat?post=1312"},{"taxonomy":"product_tag","embeddable":true,"href":"https:\/\/www.imfish.hr\/en\/wp-json\/wp\/v2\/product_tag?post=1312"}],"curies":[{"name":"wp","href":"https:\/\/api.w.org\/{rel}","templated":true}]}}