{"id":1309,"date":"2024-03-28T18:33:05","date_gmt":"2024-03-28T17:33:05","guid":{"rendered":"https:\/\/www.imfish.hr\/proizvod\/boila-medusa-24-mm-25-kg\/"},"modified":"2025-07-19T22:43:28","modified_gmt":"2025-07-19T20:43:28","slug":"boila-medusa-24-mm-25-kg","status":"publish","type":"product","link":"https:\/\/www.imfish.hr\/en\/proizvod\/boila-medusa-24-mm-25-kg\/","title":{"rendered":"Boila Medu\u0161a &#8211; 24 mm | 2,5 kg"},"content":{"rendered":"<p>Medu\u0161a je na\u0161a prva boila koju smo razvili, slatka kremasta boila temeljena na mlije\u010dnim proteinima, pti\u010djoj hrani i bra\u0161nima ora\u0161astih plodova. U sebi sadr\u017ei jedne od najboljih amino kiselina i stimulansa apetita kojima \u0107e i oni najoprezniji \u0161arani te\u0161ko odoljeti. Svje\u017ee smrznuti asortiman gotovih boila Medu\u0161a za ribolov \u0161arana vjerovatno su jedan od najbolje proizvedenih mamaca za \u0161arana, njezin kremasti miris i slatki okus odgovorni su za mnoge velike ulovljene \u0161arane!<\/p>\n<p>Uz Fresh boilies Medu\u0161a preporu\u010dujemo kori\u0161tenje Balanced wafters-a i Hookbaits booster-a od na\u0161e linije Medu\u0161a.<\/p>\n<p>Fresh Boilies ne sadr\u017ee konzervans i potrebno ih je \u010duvati u zamrziva\u010du.<\/p>\n<p>Proizvod nije za ljudsku upotrebu.<\/p>\n<p><a href=\"https:\/\/www.youtube.com\/watch?v=TvSyiz_Z3ko\">The unique and beautiful LIKA RIVER (carp fishing) (youtube.com)<\/a><\/p>\n","protected":false},"excerpt":{"rendered":"<p>Medu\u0161a je na\u0161a prva boila koju smo razvili, slatka kremasta boila temeljena na mlije\u010dnim proteinima, pti\u010djoj hrani i bra\u0161nima ora\u0161astih<\/p>\n","protected":false},"featured_media":667,"template":"","meta":[],"product_brand":[],"product_cat":[44],"product_tag":[],"class_list":{"0":"post-1309","1":"product","2":"type-product","3":"status-publish","4":"has-post-thumbnail","6":"product_cat-boilies","8":"first","9":"instock","10":"taxable","11":"shipping-taxable","12":"purchasable","13":"product-type-simple"},"yoast_head":"<!-- This site is optimized with the Yoast SEO plugin v27.1.1 - https:\/\/yoast.com\/product\/yoast-seo-wordpress\/ -->\n<title>Boila Medu\u0161a - 24 mm | 2,5 kg - imFish<\/title>\n<meta name=\"description\" content=\"Boila Medusa is one of our best-selling boilies for hunting carp. Boilies contain a lot of milk proteins. See the entire offer.\" \/>\n<meta name=\"robots\" content=\"index, follow, max-snippet:-1, max-image-preview:large, max-video-preview:-1\" \/>\n<link rel=\"canonical\" href=\"https:\/\/www.imfish.hr\/en\/proizvod\/boila-medusa-24-mm-25-kg\/\" \/>\n<meta property=\"og:locale\" content=\"en_US\" \/>\n<meta property=\"og:type\" content=\"article\" \/>\n<meta property=\"og:title\" content=\"Boila Medu\u0161a - 24 mm | 2,5 kg - imFish\" \/>\n<meta property=\"og:description\" content=\"Boila Medusa is one of our best-selling boilies for hunting carp. Boilies contain a lot of milk proteins. See the entire offer.\" \/>\n<meta property=\"og:url\" content=\"https:\/\/www.imfish.hr\/en\/proizvod\/boila-medusa-24-mm-25-kg\/\" \/>\n<meta property=\"og:site_name\" content=\"imFish\" \/>\n<meta property=\"article:publisher\" content=\"https:\/\/www.facebook.com\/people\/imFish\/61556556418213\/\" \/>\n<meta property=\"article:modified_time\" content=\"2025-07-19T20:43:28+00:00\" \/>\n<meta property=\"og:image\" content=\"https:\/\/www.imfish.hr\/wp-content\/uploads\/2024\/04\/boile_medusa.jpg\" \/>\n\t<meta property=\"og:image:width\" content=\"1200\" \/>\n\t<meta property=\"og:image:height\" content=\"1200\" \/>\n\t<meta property=\"og:image:type\" content=\"image\/jpeg\" \/>\n<meta name=\"twitter:card\" content=\"summary_large_image\" \/>\n<meta name=\"twitter:label1\" content=\"Est. reading time\" \/>\n\t<meta name=\"twitter:data1\" content=\"1 minute\" \/>\n<script type=\"application\/ld+json\" class=\"yoast-schema-graph\">{\"@context\":\"https:\/\/schema.org\",\"@graph\":[{\"@type\":\"WebPage\",\"@id\":\"https:\/\/www.imfish.hr\/en\/proizvod\/boila-medusa-24-mm-25-kg\/\",\"url\":\"https:\/\/www.imfish.hr\/en\/proizvod\/boila-medusa-24-mm-25-kg\/\",\"name\":\"Boila Medu\u0161a - 24 mm | 2,5 kg - imFish\",\"isPartOf\":{\"@id\":\"https:\/\/www.imfish.hr\/en\/#website\"},\"primaryImageOfPage\":{\"@id\":\"https:\/\/www.imfish.hr\/en\/proizvod\/boila-medusa-24-mm-25-kg\/#primaryimage\"},\"image\":{\"@id\":\"https:\/\/www.imfish.hr\/en\/proizvod\/boila-medusa-24-mm-25-kg\/#primaryimage\"},\"thumbnailUrl\":\"https:\/\/www.imfish.hr\/wp-content\/uploads\/2024\/04\/boile_medusa.jpg\",\"datePublished\":\"2024-03-28T17:33:05+00:00\",\"dateModified\":\"2025-07-19T20:43:28+00:00\",\"description\":\"Boila Medusa is one of our best-selling boilies for hunting carp. Boilies contain a lot of milk proteins. See the entire offer.\",\"breadcrumb\":{\"@id\":\"https:\/\/www.imfish.hr\/en\/proizvod\/boila-medusa-24-mm-25-kg\/#breadcrumb\"},\"inLanguage\":\"en-US\",\"potentialAction\":[{\"@type\":\"ReadAction\",\"target\":[\"https:\/\/www.imfish.hr\/en\/proizvod\/boila-medusa-24-mm-25-kg\/\"]}]},{\"@type\":\"ImageObject\",\"inLanguage\":\"en-US\",\"@id\":\"https:\/\/www.imfish.hr\/en\/proizvod\/boila-medusa-24-mm-25-kg\/#primaryimage\",\"url\":\"https:\/\/www.imfish.hr\/wp-content\/uploads\/2024\/04\/boile_medusa.jpg\",\"contentUrl\":\"https:\/\/www.imfish.hr\/wp-content\/uploads\/2024\/04\/boile_medusa.jpg\",\"width\":1200,\"height\":1200,\"caption\":\"boila\"},{\"@type\":\"BreadcrumbList\",\"@id\":\"https:\/\/www.imfish.hr\/en\/proizvod\/boila-medusa-24-mm-25-kg\/#breadcrumb\",\"itemListElement\":[{\"@type\":\"ListItem\",\"position\":1,\"name\":\"Home\",\"item\":\"https:\/\/www.imfish.hr\/en\/\"},{\"@type\":\"ListItem\",\"position\":2,\"name\":\"Products\",\"item\":\"https:\/\/www.imfish.hr\/en\/products\/\"},{\"@type\":\"ListItem\",\"position\":3,\"name\":\"Boila Medu\u0161a &#8211; 24 mm | 2,5 kg\"}]},{\"@type\":\"WebSite\",\"@id\":\"https:\/\/www.imfish.hr\/en\/#website\",\"url\":\"https:\/\/www.imfish.hr\/en\/\",\"name\":\"imFish\",\"description\":\"Hooked on Excellence\",\"publisher\":{\"@id\":\"https:\/\/www.imfish.hr\/en\/#organization\"},\"potentialAction\":[{\"@type\":\"SearchAction\",\"target\":{\"@type\":\"EntryPoint\",\"urlTemplate\":\"https:\/\/www.imfish.hr\/en\/?s={search_term_string}\"},\"query-input\":{\"@type\":\"PropertyValueSpecification\",\"valueRequired\":true,\"valueName\":\"search_term_string\"}}],\"inLanguage\":\"en-US\"},{\"@type\":\"Organization\",\"@id\":\"https:\/\/www.imfish.hr\/en\/#organization\",\"name\":\"Dreamfish d.o.o.\",\"url\":\"https:\/\/www.imfish.hr\/en\/\",\"logo\":{\"@type\":\"ImageObject\",\"inLanguage\":\"en-US\",\"@id\":\"https:\/\/www.imfish.hr\/en\/#\/schema\/logo\/image\/\",\"url\":\"https:\/\/www.imfish.hr\/wp-content\/uploads\/2024\/03\/imfish_logo.svg\",\"contentUrl\":\"https:\/\/www.imfish.hr\/wp-content\/uploads\/2024\/03\/imfish_logo.svg\",\"width\":1500,\"height\":909,\"caption\":\"Dreamfish d.o.o.\"},\"image\":{\"@id\":\"https:\/\/www.imfish.hr\/en\/#\/schema\/logo\/image\/\"},\"sameAs\":[\"https:\/\/www.facebook.com\/people\/imFish\/61556556418213\/\",\"https:\/\/www.instagram.com\/imfish.hr\/?igsh=ZG9rdmd6aWZ6Nno&utm_source=qr\"]}]}<\/script>\n<!-- \/ Yoast SEO plugin. -->","yoast_head_json":{"title":"Boila Medu\u0161a - 24 mm | 2,5 kg - imFish","description":"Boila Medusa is one of our best-selling boilies for hunting carp. Boilies contain a lot of milk proteins. See the entire offer.","robots":{"index":"index","follow":"follow","max-snippet":"max-snippet:-1","max-image-preview":"max-image-preview:large","max-video-preview":"max-video-preview:-1"},"canonical":"https:\/\/www.imfish.hr\/en\/proizvod\/boila-medusa-24-mm-25-kg\/","og_locale":"en_US","og_type":"article","og_title":"Boila Medu\u0161a - 24 mm | 2,5 kg - imFish","og_description":"Boila Medusa is one of our best-selling boilies for hunting carp. Boilies contain a lot of milk proteins. See the entire offer.","og_url":"https:\/\/www.imfish.hr\/en\/proizvod\/boila-medusa-24-mm-25-kg\/","og_site_name":"imFish","article_publisher":"https:\/\/www.facebook.com\/people\/imFish\/61556556418213\/","article_modified_time":"2025-07-19T20:43:28+00:00","og_image":[{"width":1200,"height":1200,"url":"https:\/\/www.imfish.hr\/wp-content\/uploads\/2024\/04\/boile_medusa.jpg","type":"image\/jpeg"}],"twitter_card":"summary_large_image","twitter_misc":{"Est. reading time":"1 minute"},"schema":{"@context":"https:\/\/schema.org","@graph":[{"@type":"WebPage","@id":"https:\/\/www.imfish.hr\/en\/proizvod\/boila-medusa-24-mm-25-kg\/","url":"https:\/\/www.imfish.hr\/en\/proizvod\/boila-medusa-24-mm-25-kg\/","name":"Boila Medu\u0161a - 24 mm | 2,5 kg - imFish","isPartOf":{"@id":"https:\/\/www.imfish.hr\/en\/#website"},"primaryImageOfPage":{"@id":"https:\/\/www.imfish.hr\/en\/proizvod\/boila-medusa-24-mm-25-kg\/#primaryimage"},"image":{"@id":"https:\/\/www.imfish.hr\/en\/proizvod\/boila-medusa-24-mm-25-kg\/#primaryimage"},"thumbnailUrl":"https:\/\/www.imfish.hr\/wp-content\/uploads\/2024\/04\/boile_medusa.jpg","datePublished":"2024-03-28T17:33:05+00:00","dateModified":"2025-07-19T20:43:28+00:00","description":"Boila Medusa is one of our best-selling boilies for hunting carp. Boilies contain a lot of milk proteins. See the entire offer.","breadcrumb":{"@id":"https:\/\/www.imfish.hr\/en\/proizvod\/boila-medusa-24-mm-25-kg\/#breadcrumb"},"inLanguage":"en-US","potentialAction":[{"@type":"ReadAction","target":["https:\/\/www.imfish.hr\/en\/proizvod\/boila-medusa-24-mm-25-kg\/"]}]},{"@type":"ImageObject","inLanguage":"en-US","@id":"https:\/\/www.imfish.hr\/en\/proizvod\/boila-medusa-24-mm-25-kg\/#primaryimage","url":"https:\/\/www.imfish.hr\/wp-content\/uploads\/2024\/04\/boile_medusa.jpg","contentUrl":"https:\/\/www.imfish.hr\/wp-content\/uploads\/2024\/04\/boile_medusa.jpg","width":1200,"height":1200,"caption":"boila"},{"@type":"BreadcrumbList","@id":"https:\/\/www.imfish.hr\/en\/proizvod\/boila-medusa-24-mm-25-kg\/#breadcrumb","itemListElement":[{"@type":"ListItem","position":1,"name":"Home","item":"https:\/\/www.imfish.hr\/en\/"},{"@type":"ListItem","position":2,"name":"Products","item":"https:\/\/www.imfish.hr\/en\/products\/"},{"@type":"ListItem","position":3,"name":"Boila Medu\u0161a &#8211; 24 mm | 2,5 kg"}]},{"@type":"WebSite","@id":"https:\/\/www.imfish.hr\/en\/#website","url":"https:\/\/www.imfish.hr\/en\/","name":"imFish","description":"Hooked on Excellence","publisher":{"@id":"https:\/\/www.imfish.hr\/en\/#organization"},"potentialAction":[{"@type":"SearchAction","target":{"@type":"EntryPoint","urlTemplate":"https:\/\/www.imfish.hr\/en\/?s={search_term_string}"},"query-input":{"@type":"PropertyValueSpecification","valueRequired":true,"valueName":"search_term_string"}}],"inLanguage":"en-US"},{"@type":"Organization","@id":"https:\/\/www.imfish.hr\/en\/#organization","name":"Dreamfish d.o.o.","url":"https:\/\/www.imfish.hr\/en\/","logo":{"@type":"ImageObject","inLanguage":"en-US","@id":"https:\/\/www.imfish.hr\/en\/#\/schema\/logo\/image\/","url":"https:\/\/www.imfish.hr\/wp-content\/uploads\/2024\/03\/imfish_logo.svg","contentUrl":"https:\/\/www.imfish.hr\/wp-content\/uploads\/2024\/03\/imfish_logo.svg","width":1500,"height":909,"caption":"Dreamfish d.o.o."},"image":{"@id":"https:\/\/www.imfish.hr\/en\/#\/schema\/logo\/image\/"},"sameAs":["https:\/\/www.facebook.com\/people\/imFish\/61556556418213\/","https:\/\/www.instagram.com\/imfish.hr\/?igsh=ZG9rdmd6aWZ6Nno&utm_source=qr"]}]}},"_links":{"self":[{"href":"https:\/\/www.imfish.hr\/en\/wp-json\/wp\/v2\/product\/1309","targetHints":{"allow":["GET"]}}],"collection":[{"href":"https:\/\/www.imfish.hr\/en\/wp-json\/wp\/v2\/product"}],"about":[{"href":"https:\/\/www.imfish.hr\/en\/wp-json\/wp\/v2\/types\/product"}],"wp:featuredmedia":[{"embeddable":true,"href":"https:\/\/www.imfish.hr\/en\/wp-json\/wp\/v2\/media\/667"}],"wp:attachment":[{"href":"https:\/\/www.imfish.hr\/en\/wp-json\/wp\/v2\/media?parent=1309"}],"wp:term":[{"taxonomy":"product_brand","embeddable":true,"href":"https:\/\/www.imfish.hr\/en\/wp-json\/wp\/v2\/product_brand?post=1309"},{"taxonomy":"product_cat","embeddable":true,"href":"https:\/\/www.imfish.hr\/en\/wp-json\/wp\/v2\/product_cat?post=1309"},{"taxonomy":"product_tag","embeddable":true,"href":"https:\/\/www.imfish.hr\/en\/wp-json\/wp\/v2\/product_tag?post=1309"}],"curies":[{"name":"wp","href":"https:\/\/api.w.org\/{rel}","templated":true}]}}