{"id":1304,"date":"2024-03-28T18:19:07","date_gmt":"2024-03-28T17:19:07","guid":{"rendered":"https:\/\/www.imfish.hr\/proizvod\/balanced-wafter-smrdusa-14-mm\/"},"modified":"2025-03-10T13:17:57","modified_gmt":"2025-03-10T12:17:57","slug":"balanced-wafter-smrdusa-14-mm","status":"publish","type":"product","link":"https:\/\/www.imfish.hr\/en\/proizvod\/balanced-wafter-smrdusa-14-mm\/","title":{"rendered":"Balanced wafter Smrdu\u0161a &#8211; 14 mm"},"content":{"rendered":"<p>Balanced wafters su mamci koji svojom plovno\u0161\u0107u anuliraju te\u017einu udice. Izuzetno su atraktivni i u doticaju s vodom po\u010dinju ispu\u0161tati boju i signale hrane. Svaka linija balanced wafters-a napravljena je od odgovaraju\u0107ih baznih mix-eva i teku\u0107ina koje koristimo za fresh boilies, uklju\u010duju\u0107i plutaju\u0107u mje\u0161avinu kako bi dobili savr\u0161eni balans mamca koji pluta malo iznad udice koja le\u017ei na dnu. Na\u0161a testiranja dala su nam najbolje rezultate kada smo ih koristili s na\u0161im linijama fresh boili. Balanced Wafters-i napravili su pravu malu revoluciju za na\u0161 ribolov, od kada smo ih po\u010deli proizvoditi njihova lovnost mnoge \u0161arana\u0161e a i nas je odu\u0161evila, pa je ribolov bez njih postao ne zamisliv.<\/p>\n<p>Ovaj proizvod treba \u010duvati na hladnom, suhom mjestu i izvan izravnog sun\u010devog svjetla.<\/p>\n<p>Proizvod nije za ljudsku upotrebu.<\/p>\n","protected":false},"excerpt":{"rendered":"<p>Balanced wafters su mamci koji svojom plovno\u0161\u0107u anuliraju te\u017einu udice. Izuzetno su atraktivni i u doticaju s vodom po\u010dinju ispu\u0161tati<\/p>\n","protected":false},"featured_media":1527,"template":"","meta":[],"product_brand":[],"product_cat":[43],"product_tag":[],"class_list":{"0":"post-1304","1":"product","2":"type-product","3":"status-publish","4":"has-post-thumbnail","6":"product_cat-balanced-wafter-en","8":"first","9":"instock","10":"taxable","11":"shipping-taxable","12":"purchasable","13":"product-type-simple"},"yoast_head":"<!-- This site is optimized with the Yoast SEO plugin v27.1.1 - https:\/\/yoast.com\/product\/yoast-seo-wordpress\/ -->\n<title>Balanced wafter Smrdu\u0161a - 14 mm - imFish<\/title>\n<meta name=\"robots\" content=\"index, follow, max-snippet:-1, max-image-preview:large, max-video-preview:-1\" \/>\n<link rel=\"canonical\" href=\"https:\/\/www.imfish.hr\/en\/proizvod\/balanced-wafter-smrdusa-14-mm\/\" \/>\n<meta property=\"og:locale\" content=\"en_US\" \/>\n<meta property=\"og:type\" content=\"article\" \/>\n<meta property=\"og:title\" content=\"Balanced wafter Smrdu\u0161a - 14 mm - imFish\" \/>\n<meta property=\"og:description\" content=\"Balanced wafters su mamci koji svojom plovno\u0161\u0107u anuliraju te\u017einu udice. Izuzetno su atraktivni i u doticaju s vodom po\u010dinju ispu\u0161tati\" \/>\n<meta property=\"og:url\" content=\"https:\/\/www.imfish.hr\/en\/proizvod\/balanced-wafter-smrdusa-14-mm\/\" \/>\n<meta property=\"og:site_name\" content=\"imFish\" \/>\n<meta property=\"article:publisher\" content=\"https:\/\/www.facebook.com\/people\/imFish\/61556556418213\/\" \/>\n<meta property=\"article:modified_time\" content=\"2025-03-10T12:17:57+00:00\" \/>\n<meta property=\"og:image\" content=\"https:\/\/www.imfish.hr\/wp-content\/uploads\/2025\/03\/SMRDUSA_BALANCED_WAFTERS_MALE.jpg\" \/>\n\t<meta property=\"og:image:width\" content=\"1000\" \/>\n\t<meta property=\"og:image:height\" content=\"1000\" \/>\n\t<meta property=\"og:image:type\" content=\"image\/jpeg\" \/>\n<meta name=\"twitter:card\" content=\"summary_large_image\" \/>\n<meta name=\"twitter:label1\" content=\"Est. reading time\" \/>\n\t<meta name=\"twitter:data1\" content=\"1 minute\" \/>\n<script type=\"application\/ld+json\" class=\"yoast-schema-graph\">{\"@context\":\"https:\/\/schema.org\",\"@graph\":[{\"@type\":\"WebPage\",\"@id\":\"https:\/\/www.imfish.hr\/en\/proizvod\/balanced-wafter-smrdusa-14-mm\/\",\"url\":\"https:\/\/www.imfish.hr\/en\/proizvod\/balanced-wafter-smrdusa-14-mm\/\",\"name\":\"Balanced wafter Smrdu\u0161a - 14 mm - imFish\",\"isPartOf\":{\"@id\":\"https:\/\/www.imfish.hr\/en\/#website\"},\"primaryImageOfPage\":{\"@id\":\"https:\/\/www.imfish.hr\/en\/proizvod\/balanced-wafter-smrdusa-14-mm\/#primaryimage\"},\"image\":{\"@id\":\"https:\/\/www.imfish.hr\/en\/proizvod\/balanced-wafter-smrdusa-14-mm\/#primaryimage\"},\"thumbnailUrl\":\"https:\/\/www.imfish.hr\/wp-content\/uploads\/2025\/03\/SMRDUSA_BALANCED_WAFTERS_MALE.jpg\",\"datePublished\":\"2024-03-28T17:19:07+00:00\",\"dateModified\":\"2025-03-10T12:17:57+00:00\",\"breadcrumb\":{\"@id\":\"https:\/\/www.imfish.hr\/en\/proizvod\/balanced-wafter-smrdusa-14-mm\/#breadcrumb\"},\"inLanguage\":\"en-US\",\"potentialAction\":[{\"@type\":\"ReadAction\",\"target\":[\"https:\/\/www.imfish.hr\/en\/proizvod\/balanced-wafter-smrdusa-14-mm\/\"]}]},{\"@type\":\"ImageObject\",\"inLanguage\":\"en-US\",\"@id\":\"https:\/\/www.imfish.hr\/en\/proizvod\/balanced-wafter-smrdusa-14-mm\/#primaryimage\",\"url\":\"https:\/\/www.imfish.hr\/wp-content\/uploads\/2025\/03\/SMRDUSA_BALANCED_WAFTERS_MALE.jpg\",\"contentUrl\":\"https:\/\/www.imfish.hr\/wp-content\/uploads\/2025\/03\/SMRDUSA_BALANCED_WAFTERS_MALE.jpg\",\"width\":1000,\"height\":1000},{\"@type\":\"BreadcrumbList\",\"@id\":\"https:\/\/www.imfish.hr\/en\/proizvod\/balanced-wafter-smrdusa-14-mm\/#breadcrumb\",\"itemListElement\":[{\"@type\":\"ListItem\",\"position\":1,\"name\":\"Home\",\"item\":\"https:\/\/www.imfish.hr\/en\/\"},{\"@type\":\"ListItem\",\"position\":2,\"name\":\"Products\",\"item\":\"https:\/\/www.imfish.hr\/en\/products\/\"},{\"@type\":\"ListItem\",\"position\":3,\"name\":\"Balanced wafter Smrdu\u0161a &#8211; 14 mm\"}]},{\"@type\":\"WebSite\",\"@id\":\"https:\/\/www.imfish.hr\/en\/#website\",\"url\":\"https:\/\/www.imfish.hr\/en\/\",\"name\":\"imFish\",\"description\":\"Hooked on Excellence\",\"publisher\":{\"@id\":\"https:\/\/www.imfish.hr\/en\/#organization\"},\"potentialAction\":[{\"@type\":\"SearchAction\",\"target\":{\"@type\":\"EntryPoint\",\"urlTemplate\":\"https:\/\/www.imfish.hr\/en\/?s={search_term_string}\"},\"query-input\":{\"@type\":\"PropertyValueSpecification\",\"valueRequired\":true,\"valueName\":\"search_term_string\"}}],\"inLanguage\":\"en-US\"},{\"@type\":\"Organization\",\"@id\":\"https:\/\/www.imfish.hr\/en\/#organization\",\"name\":\"Dreamfish d.o.o.\",\"url\":\"https:\/\/www.imfish.hr\/en\/\",\"logo\":{\"@type\":\"ImageObject\",\"inLanguage\":\"en-US\",\"@id\":\"https:\/\/www.imfish.hr\/en\/#\/schema\/logo\/image\/\",\"url\":\"https:\/\/www.imfish.hr\/wp-content\/uploads\/2024\/03\/imfish_logo.svg\",\"contentUrl\":\"https:\/\/www.imfish.hr\/wp-content\/uploads\/2024\/03\/imfish_logo.svg\",\"width\":1500,\"height\":909,\"caption\":\"Dreamfish d.o.o.\"},\"image\":{\"@id\":\"https:\/\/www.imfish.hr\/en\/#\/schema\/logo\/image\/\"},\"sameAs\":[\"https:\/\/www.facebook.com\/people\/imFish\/61556556418213\/\",\"https:\/\/www.instagram.com\/imfish.hr\/?igsh=ZG9rdmd6aWZ6Nno&utm_source=qr\"]}]}<\/script>\n<!-- \/ Yoast SEO plugin. -->","yoast_head_json":{"title":"Balanced wafter Smrdu\u0161a - 14 mm - imFish","robots":{"index":"index","follow":"follow","max-snippet":"max-snippet:-1","max-image-preview":"max-image-preview:large","max-video-preview":"max-video-preview:-1"},"canonical":"https:\/\/www.imfish.hr\/en\/proizvod\/balanced-wafter-smrdusa-14-mm\/","og_locale":"en_US","og_type":"article","og_title":"Balanced wafter Smrdu\u0161a - 14 mm - imFish","og_description":"Balanced wafters su mamci koji svojom plovno\u0161\u0107u anuliraju te\u017einu udice. Izuzetno su atraktivni i u doticaju s vodom po\u010dinju ispu\u0161tati","og_url":"https:\/\/www.imfish.hr\/en\/proizvod\/balanced-wafter-smrdusa-14-mm\/","og_site_name":"imFish","article_publisher":"https:\/\/www.facebook.com\/people\/imFish\/61556556418213\/","article_modified_time":"2025-03-10T12:17:57+00:00","og_image":[{"width":1000,"height":1000,"url":"https:\/\/www.imfish.hr\/wp-content\/uploads\/2025\/03\/SMRDUSA_BALANCED_WAFTERS_MALE.jpg","type":"image\/jpeg"}],"twitter_card":"summary_large_image","twitter_misc":{"Est. reading time":"1 minute"},"schema":{"@context":"https:\/\/schema.org","@graph":[{"@type":"WebPage","@id":"https:\/\/www.imfish.hr\/en\/proizvod\/balanced-wafter-smrdusa-14-mm\/","url":"https:\/\/www.imfish.hr\/en\/proizvod\/balanced-wafter-smrdusa-14-mm\/","name":"Balanced wafter Smrdu\u0161a - 14 mm - imFish","isPartOf":{"@id":"https:\/\/www.imfish.hr\/en\/#website"},"primaryImageOfPage":{"@id":"https:\/\/www.imfish.hr\/en\/proizvod\/balanced-wafter-smrdusa-14-mm\/#primaryimage"},"image":{"@id":"https:\/\/www.imfish.hr\/en\/proizvod\/balanced-wafter-smrdusa-14-mm\/#primaryimage"},"thumbnailUrl":"https:\/\/www.imfish.hr\/wp-content\/uploads\/2025\/03\/SMRDUSA_BALANCED_WAFTERS_MALE.jpg","datePublished":"2024-03-28T17:19:07+00:00","dateModified":"2025-03-10T12:17:57+00:00","breadcrumb":{"@id":"https:\/\/www.imfish.hr\/en\/proizvod\/balanced-wafter-smrdusa-14-mm\/#breadcrumb"},"inLanguage":"en-US","potentialAction":[{"@type":"ReadAction","target":["https:\/\/www.imfish.hr\/en\/proizvod\/balanced-wafter-smrdusa-14-mm\/"]}]},{"@type":"ImageObject","inLanguage":"en-US","@id":"https:\/\/www.imfish.hr\/en\/proizvod\/balanced-wafter-smrdusa-14-mm\/#primaryimage","url":"https:\/\/www.imfish.hr\/wp-content\/uploads\/2025\/03\/SMRDUSA_BALANCED_WAFTERS_MALE.jpg","contentUrl":"https:\/\/www.imfish.hr\/wp-content\/uploads\/2025\/03\/SMRDUSA_BALANCED_WAFTERS_MALE.jpg","width":1000,"height":1000},{"@type":"BreadcrumbList","@id":"https:\/\/www.imfish.hr\/en\/proizvod\/balanced-wafter-smrdusa-14-mm\/#breadcrumb","itemListElement":[{"@type":"ListItem","position":1,"name":"Home","item":"https:\/\/www.imfish.hr\/en\/"},{"@type":"ListItem","position":2,"name":"Products","item":"https:\/\/www.imfish.hr\/en\/products\/"},{"@type":"ListItem","position":3,"name":"Balanced wafter Smrdu\u0161a &#8211; 14 mm"}]},{"@type":"WebSite","@id":"https:\/\/www.imfish.hr\/en\/#website","url":"https:\/\/www.imfish.hr\/en\/","name":"imFish","description":"Hooked on Excellence","publisher":{"@id":"https:\/\/www.imfish.hr\/en\/#organization"},"potentialAction":[{"@type":"SearchAction","target":{"@type":"EntryPoint","urlTemplate":"https:\/\/www.imfish.hr\/en\/?s={search_term_string}"},"query-input":{"@type":"PropertyValueSpecification","valueRequired":true,"valueName":"search_term_string"}}],"inLanguage":"en-US"},{"@type":"Organization","@id":"https:\/\/www.imfish.hr\/en\/#organization","name":"Dreamfish d.o.o.","url":"https:\/\/www.imfish.hr\/en\/","logo":{"@type":"ImageObject","inLanguage":"en-US","@id":"https:\/\/www.imfish.hr\/en\/#\/schema\/logo\/image\/","url":"https:\/\/www.imfish.hr\/wp-content\/uploads\/2024\/03\/imfish_logo.svg","contentUrl":"https:\/\/www.imfish.hr\/wp-content\/uploads\/2024\/03\/imfish_logo.svg","width":1500,"height":909,"caption":"Dreamfish d.o.o."},"image":{"@id":"https:\/\/www.imfish.hr\/en\/#\/schema\/logo\/image\/"},"sameAs":["https:\/\/www.facebook.com\/people\/imFish\/61556556418213\/","https:\/\/www.instagram.com\/imfish.hr\/?igsh=ZG9rdmd6aWZ6Nno&utm_source=qr"]}]}},"_links":{"self":[{"href":"https:\/\/www.imfish.hr\/en\/wp-json\/wp\/v2\/product\/1304","targetHints":{"allow":["GET"]}}],"collection":[{"href":"https:\/\/www.imfish.hr\/en\/wp-json\/wp\/v2\/product"}],"about":[{"href":"https:\/\/www.imfish.hr\/en\/wp-json\/wp\/v2\/types\/product"}],"wp:featuredmedia":[{"embeddable":true,"href":"https:\/\/www.imfish.hr\/en\/wp-json\/wp\/v2\/media\/1527"}],"wp:attachment":[{"href":"https:\/\/www.imfish.hr\/en\/wp-json\/wp\/v2\/media?parent=1304"}],"wp:term":[{"taxonomy":"product_brand","embeddable":true,"href":"https:\/\/www.imfish.hr\/en\/wp-json\/wp\/v2\/product_brand?post=1304"},{"taxonomy":"product_cat","embeddable":true,"href":"https:\/\/www.imfish.hr\/en\/wp-json\/wp\/v2\/product_cat?post=1304"},{"taxonomy":"product_tag","embeddable":true,"href":"https:\/\/www.imfish.hr\/en\/wp-json\/wp\/v2\/product_tag?post=1304"}],"curies":[{"name":"wp","href":"https:\/\/api.w.org\/{rel}","templated":true}]}}